{"id":4690,"date":"2022-12-21T15:07:15","date_gmt":"2022-12-21T14:07:15","guid":{"rendered":"https:\/\/www.estrategias-web.es\/covid\/"},"modified":"2022-12-29T19:47:24","modified_gmt":"2022-12-29T18:47:24","slug":"covid","status":"publish","type":"page","link":"https:\/\/www.estrategias-web.es\/fr\/covid\/","title":{"rendered":"Covid"},"content":{"rendered":"\t\t<div data-elementor-type=\"wp-page\" data-elementor-id=\"4690\" class=\"elementor elementor-4690 elementor-3968\">\n\t\t\t\t\t\t\t\t\t<section class=\"elementor-section elementor-top-section elementor-element elementor-element-bb6aa2a elementor-section-full_width elementor-section-height-min-height elementor-section-height-default elementor-section-items-middle\" data-id=\"bb6aa2a\" data-element_type=\"section\" data-settings=\"{&quot;background_background&quot;:&quot;classic&quot;}\">\n\t\t\t\t\t\t<div class=\"elementor-container elementor-column-gap-default\">\n\t\t\t\t\t<div class=\"elementor-column elementor-col-100 elementor-top-column elementor-element elementor-element-491611b\" data-id=\"491611b\" data-element_type=\"column\">\n\t\t\t<div class=\"elementor-widget-wrap elementor-element-populated\">\n\t\t\t\t\t\t\t\t<div class=\"elementor-element elementor-element-72ef610 elementor-invisible elementor-widget elementor-widget-heading\" data-id=\"72ef610\" data-element_type=\"widget\" data-settings=\"{&quot;_animation&quot;:&quot;fadeIn&quot;}\" data-widget_type=\"heading.default\">\n\t\t\t\t<div class=\"elementor-widget-container\">\n\t\t\t<style>\/*! elementor - v3.9.0 - 06-12-2022 *\/\n.elementor-heading-title{padding:0;margin:0;line-height:1}.elementor-widget-heading .elementor-heading-title[class*=elementor-size-]>a{color:inherit;font-size:inherit;line-height:inherit}.elementor-widget-heading .elementor-heading-title.elementor-size-small{font-size:15px}.elementor-widget-heading .elementor-heading-title.elementor-size-medium{font-size:19px}.elementor-widget-heading .elementor-heading-title.elementor-size-large{font-size:29px}.elementor-widget-heading .elementor-heading-title.elementor-size-xl{font-size:39px}.elementor-widget-heading .elementor-heading-title.elementor-size-xxl{font-size:59px}<\/style><h1 class=\"elementor-heading-title elementor-size-default\">Mesures COVID<\/h1>\t\t<\/div>\n\t\t\t\t<\/div>\n\t\t\t\t\t<\/div>\n\t\t<\/div>\n\t\t\t\t\t\t\t<\/div>\n\t\t<\/section>\n\t\t\t\t<section class=\"elementor-section elementor-top-section elementor-element elementor-element-37c67bf elementor-section-boxed elementor-section-height-default elementor-section-height-default\" data-id=\"37c67bf\" data-element_type=\"section\">\n\t\t\t\t\t\t<div class=\"elementor-container elementor-column-gap-default\">\n\t\t\t\t\t<div class=\"elementor-column elementor-col-100 elementor-top-column elementor-element elementor-element-dea5b0b\" data-id=\"dea5b0b\" data-element_type=\"column\">\n\t\t\t<div class=\"elementor-widget-wrap elementor-element-populated\">\n\t\t\t\t\t\t\t\t<div class=\"elementor-element elementor-element-2646379 elementor-widget elementor-widget-heading\" data-id=\"2646379\" data-element_type=\"widget\" data-widget_type=\"heading.default\">\n\t\t\t\t<div class=\"elementor-widget-container\">\n\t\t\t<h3 class=\"elementor-heading-title elementor-size-default\">Pr\u00e9vention<\/h3>\t\t<\/div>\n\t\t\t\t<\/div>\n\t\t\t\t<div class=\"elementor-element elementor-element-9629f69 elementor-widget elementor-widget-heading\" data-id=\"9629f69\" data-element_type=\"widget\" data-widget_type=\"heading.default\">\n\t\t\t\t<div class=\"elementor-widget-container\">\n\t\t\t<h2 class=\"elementor-heading-title elementor-size-default\">R\u00e8gles de coexistence et de fonctionnement des services apr\u00e8s l'application des mesures pr\u00e9ventives pour le confinement de COVID-19<\/h2>\t\t<\/div>\n\t\t\t\t<\/div>\n\t\t\t\t<div class=\"elementor-element elementor-element-fe6f840 elementor-widget elementor-widget-text-editor\" data-id=\"fe6f840\" data-element_type=\"widget\" data-widget_type=\"text-editor.default\">\n\t\t\t\t<div class=\"elementor-widget-container\">\n\t\t\t<style>\/*! elementor - v3.9.0 - 06-12-2022 *\/\n.elementor-widget-text-editor.elementor-drop-cap-view-stacked .elementor-drop-cap{background-color:#818a91;color:#fff}.elementor-widget-text-editor.elementor-drop-cap-view-framed .elementor-drop-cap{color:#818a91;border:3px solid;background-color:transparent}.elementor-widget-text-editor:not(.elementor-drop-cap-view-default) .elementor-drop-cap{margin-top:8px}.elementor-widget-text-editor:not(.elementor-drop-cap-view-default) .elementor-drop-cap-letter{width:1em;height:1em}.elementor-widget-text-editor .elementor-drop-cap{float:left;text-align:center;line-height:1;font-size:50px}.elementor-widget-text-editor .elementor-drop-cap-letter{display:inline-block}<\/style>\t\t\t\t<p>Les appartements de la R\u00e9sidence travaillent dans l&rsquo;optique de la s\u00e9curit\u00e9 et du bien-\u00eatre de nos clients, c&rsquo;est pourquoi nous vous demandons votre collaboration et votre engagement \u00e0 respecter les r\u00e8gles sp\u00e9ciales de coexistence et les mesures de pr\u00e9vention de la contagion par COVID-19 qui suivent :<\/p><ul><li>Lavage et hygi\u00e8ne fr\u00e9quents des mains, notamment lors de l&rsquo;acc\u00e8s aux zones communes (salons, restaurants, espaces communs&#8230;) Nous vous fournissons un gel d\u00e9sinfectant hydroalcoolique \u00e0 diff\u00e9rents endroits de nos installations.<\/li><li>Utilisez la partie int\u00e9rieure du coude pour couvrir la bouche\/le nez lorsque vous toussez ou \u00e9ternuez, ou utilisez un mouchoir en papier et lavez-vous les mains ensuite.<\/li><li>\u00c9vitez de vous toucher la bouche, le nez ou les yeux dans les lieux publics.<\/li><li>Utilisez les poubelles \u00e0 couvercle que vous trouverez en diff\u00e9rents points de nos installations pour y d\u00e9poser tout le mat\u00e9riel d&rsquo;hygi\u00e8ne et de protection jetable (masques, gants, mouchoirs, etc.).<\/li><li>Respecter la distance sociale avec les personnes qui ne font pas partie de la famille ou du milieu de vie.<\/li><li>\u00c9vitez les salutations qui impliquent un contact physique (c\u00e2lins, baisers&#8230;)<\/li><li>Respecter la capacit\u00e9 \u00e9tablie dans les espaces communs, et en particulier dans ceux o\u00f9 il n&rsquo;y a pas de contr\u00f4le physique de l&rsquo;\u00e9tablissement (ascenseurs, halls &#8230;)<\/li><li>Respectez les horaires et autres r\u00e8gles qui ont pu \u00eatre \u00e9tablis par l&rsquo;\u00e9tablissement pour respecter la capacit\u00e9 autoris\u00e9e, indiqu\u00e9e sur les panneaux disponibles dans les locaux et sur lesquels notre personnel peut vous renseigner.<\/li><li>Respectez les distances entre les personnes \u00e9tablies dans les points d&rsquo;attention au public, les entr\u00e9es de restaurants, les buffets&#8230;<\/li><li>Respectez la signalisation qui \u00e9tablit les itin\u00e9raires ou les distances de s\u00e9curit\u00e9, ainsi que la fermeture de certains espaces.<\/li><li>Ne pas rester dans la chambre pendant les services de nettoyage, d&rsquo;entretien ou de r\u00e9paration qui y sont effectu\u00e9s<\/li><\/ul><p>D\u00e8s les premiers signes de sympt\u00f4mes compatibles avec la maladie COVID-19 (fi\u00e8vre, toux ou difficult\u00e9s respiratoires) :<\/p><ul><li>Auto-isolement dans votre chambre (affect\u00e9s et co-habitants)<\/li><li>Informer l&rsquo;\u00e9tablissement par t\u00e9l\u00e9phone (r\u00e9ception \/ service client\u00e8le) de la situation<\/li><\/ul><p>Conform\u00e9ment \u00e0 ces mesures de s\u00e9curit\u00e9 et de pr\u00e9vention, les services de restauration et de divertissement seront soumis \u00e0 des r\u00e8gles sp\u00e9ciales :<\/p><p>Conform\u00e9ment aux dispositions l\u00e9gales en vigueur et aux instructions du minist\u00e8re de la sant\u00e9 concernant la r\u00e9duction de la capacit\u00e9 du Covid-19.<\/p><p>Les quarts de travail que vous r\u00e9servez exigent que vous soyez pr\u00e9sent \u00e0 l&rsquo;heure indiqu\u00e9e sur l&rsquo;horaire.\u00a0<\/p><p>Nous vous recommandons de r\u00e9server le plus t\u00f4t possible afin d&rsquo;\u00e9largir votre choix car ils sont soumis \u00e0 disponibilit\u00e9.<\/p><p><b>Service de chambre<\/b>Vous pourrez consommer n&rsquo;importe lequel de nos produits \u00e0 partir du menu de votre chambre.<\/p><p><b>Service de piscine ext\u00e9rieure<\/b>La capacit\u00e9 des hamacs a \u00e9t\u00e9 r\u00e9duite afin de respecter les distances de s\u00e9curit\u00e9.<\/p><p><b>Service de sauna<\/b>Sauna : Les services de sauna sont soumis \u00e0 une r\u00e9servation pr\u00e9alable par l&rsquo;interm\u00e9diaire de l&rsquo;administration des appartements.<\/p><p>Notre personnel est \u00e0 votre disposition pour r\u00e9soudre vos doutes et vous offrir les informations dont vous avez besoin.<\/p><p>La R\u00e9sidence Hall Apartments se r\u00e9serve le droit de modifier les horaires et les ouvertures de service pour des raisons de fonctionnement interne, ainsi que pour se conformer aux \u00e9ventuelles modifications de la r\u00e9glementation en vigueur.<\/p><p>Avec votre aide, nous pourrons r\u00e9aliser vos souhaits pour 2021 et ainsi passer des vacances heureuses et s\u00fbres !<\/p>\t\t\t\t\t\t<\/div>\n\t\t\t\t<\/div>\n\t\t\t\t<div class=\"elementor-element elementor-element-841038a elementor-widget elementor-widget-heading\" data-id=\"841038a\" data-element_type=\"widget\" data-widget_type=\"heading.default\">\n\t\t\t\t<div class=\"elementor-widget-container\">\n\t\t\t<h3 class=\"elementor-heading-title elementor-size-default\">O\u00f9 faire un test PCR ?<\/h3>\t\t<\/div>\n\t\t\t\t<\/div>\n\t\t\t\t<div class=\"elementor-element elementor-element-a13c301 elementor-widget elementor-widget-text-editor\" data-id=\"a13c301\" data-element_type=\"widget\" data-widget_type=\"text-editor.default\">\n\t\t\t\t<div class=\"elementor-widget-container\">\n\t\t\t\t\t\t\t<p><strong>Laboratoire Dr. Jos\u00e9 Enrique Alcina<\/strong><br \/>Ventura Moron N\u00ba 2<br \/>11201 Algeciras, C\u00e1diz.<br \/>www.dralcinalab.com<br \/>956 66 06 97 \/ laboratorio@dralcinalab.com<br \/>Prix 180\u20ac.<br \/>Sur rendez-vous par e-mail, vous devez indiquer vos nom et pr\u00e9nom, votre num\u00e9ro d&rsquo;identification et la date du vol.<\/p><p><strong>H\u00f4pital Quir\u00f3n<\/strong><br \/>Edf. Arttysur Avda. de los Empresarios s\/n PALMONES<br \/>Pr\u00e9vention du Quiron<br \/>Calle la Ladera s\/n Algeciras<br \/>R\u00e9servations et paiement \u00a0\u00bb e-quironsalud.es \u00a0\u00bb R\u00e9sultats 24h en ligne<br \/>Prix PCR.- 98\u20ac.<\/p><p><strong>Laboratoire de Novo Sancti Petri<\/strong><br \/>Urb. Novo Sancti-Petri s\/n<br \/>11139 Chiclana de la Frontera, C\u00e1diz<br \/>956 49 65 06 \/ labnovochiclana@laboratoriosnovo,com<br \/>Prix 120 +30 (rapport m\u00e9dical)<br \/>Sans rendez-vous<br \/>Horaire des tests 9:00 \u00e0 14:00<\/p><p><strong>Clinique internationale de d\u00e9pistage du COVID-19 dans les a\u00e9roports<\/strong><br \/><strong>A\u00e9roports de Malaga et de S\u00e9ville<\/strong><br \/>918 267 742 \/ info@travelcovidtestcenter.com<br \/>PCR 58,68\u20ac R\u00e9sultats en moins de 12 heures<br \/>Rendez-vous en ligne<\/p>\t\t\t\t\t\t<\/div>\n\t\t\t\t<\/div>\n\t\t\t\t\t<\/div>\n\t\t<\/div>\n\t\t\t\t\t\t\t<\/div>\n\t\t<\/section>\n\t\t\t\t\t\t\t<\/div>\n\t\t","protected":false},"excerpt":{"rendered":"<p>Mesures COVID Pr\u00e9vention R\u00e8gles de coexistence et de fonctionnement des services apr\u00e8s l&rsquo;application des mesures pr\u00e9ventives pour le confinement de COVID-19 Les appartements de la R\u00e9sidence travaillent dans l&rsquo;optique de la s\u00e9curit\u00e9 et du bien-\u00eatre de nos clients, c&rsquo;est pourquoi nous vous demandons votre collaboration et votre engagement \u00e0 respecter les r\u00e8gles sp\u00e9ciales de coexistence [&hellip;]<\/p>\n","protected":false},"author":1,"featured_media":0,"parent":0,"menu_order":0,"comment_status":"closed","ping_status":"closed","template":"elementor_header_footer","meta":{"footnotes":""},"class_list":["post-4690","page","type-page","status-publish","hentry"],"yoast_head":"<!-- This site is optimized with the Yoast SEO plugin v19.11 - https:\/\/yoast.com\/wordpress\/plugins\/seo\/ -->\n<title>Covid - La Residencia Tarifa<\/title>\n<meta name=\"robots\" content=\"noindex, follow, max-snippet:-1, max-image-preview:large, max-video-preview:-1\" \/>\n<meta property=\"og:locale\" content=\"fr_FR\" \/>\n<meta property=\"og:type\" content=\"article\" \/>\n<meta property=\"og:title\" content=\"Covid - La Residencia Tarifa\" \/>\n<meta property=\"og:description\" content=\"Mesures COVID Pr\u00e9vention R\u00e8gles de coexistence et de fonctionnement des services apr\u00e8s l&rsquo;application des mesures pr\u00e9ventives pour le confinement de COVID-19 Les appartements de la R\u00e9sidence travaillent dans l&rsquo;optique de la s\u00e9curit\u00e9 et du bien-\u00eatre de nos clients, c&rsquo;est pourquoi nous vous demandons votre collaboration et votre engagement \u00e0 respecter les r\u00e8gles sp\u00e9ciales de coexistence [&hellip;]\" \/>\n<meta property=\"og:url\" content=\"https:\/\/www.estrategias-web.es\/fr\/covid\/\" \/>\n<meta property=\"og:site_name\" content=\"La Residencia Tarifa\" \/>\n<meta property=\"article:modified_time\" content=\"2022-12-29T18:47:24+00:00\" \/>\n<meta name=\"twitter:card\" content=\"summary_large_image\" \/>\n<meta name=\"twitter:label1\" content=\"Dur\u00e9e de lecture estim\u00e9e\" \/>\n\t<meta name=\"twitter:data1\" content=\"4 minutes\" \/>\n<script type=\"application\/ld+json\" class=\"yoast-schema-graph\">{\"@context\":\"https:\/\/schema.org\",\"@graph\":[{\"@type\":\"WebPage\",\"@id\":\"https:\/\/www.estrategias-web.es\/fr\/covid\/\",\"url\":\"https:\/\/www.estrategias-web.es\/fr\/covid\/\",\"name\":\"Covid - La Residencia Tarifa\",\"isPartOf\":{\"@id\":\"https:\/\/www.estrategias-web.es\/fr\/#website\"},\"datePublished\":\"2022-12-21T14:07:15+00:00\",\"dateModified\":\"2022-12-29T18:47:24+00:00\",\"breadcrumb\":{\"@id\":\"https:\/\/www.estrategias-web.es\/fr\/covid\/#breadcrumb\"},\"inLanguage\":\"fr-FR\",\"potentialAction\":[{\"@type\":\"ReadAction\",\"target\":[\"https:\/\/www.estrategias-web.es\/fr\/covid\/\"]}]},{\"@type\":\"BreadcrumbList\",\"@id\":\"https:\/\/www.estrategias-web.es\/fr\/covid\/#breadcrumb\",\"itemListElement\":[{\"@type\":\"ListItem\",\"position\":1,\"name\":\"Portada\",\"item\":\"https:\/\/www.estrategias-web.es\/fr\/\"},{\"@type\":\"ListItem\",\"position\":2,\"name\":\"Covid\"}]},{\"@type\":\"WebSite\",\"@id\":\"https:\/\/www.estrategias-web.es\/fr\/#website\",\"url\":\"https:\/\/www.estrategias-web.es\/fr\/\",\"name\":\"La Residencia Tarifa\",\"description\":\"Hotel, apartamentos, spa y restaurante\",\"publisher\":{\"@id\":\"https:\/\/www.estrategias-web.es\/fr\/#organization\"},\"potentialAction\":[{\"@type\":\"SearchAction\",\"target\":{\"@type\":\"EntryPoint\",\"urlTemplate\":\"https:\/\/www.estrategias-web.es\/fr\/?s={search_term_string}\"},\"query-input\":\"required name=search_term_string\"}],\"inLanguage\":\"fr-FR\"},{\"@type\":\"Organization\",\"@id\":\"https:\/\/www.estrategias-web.es\/fr\/#organization\",\"name\":\"La Residencia Tarifa\",\"url\":\"https:\/\/www.estrategias-web.es\/fr\/\",\"logo\":{\"@type\":\"ImageObject\",\"inLanguage\":\"fr-FR\",\"@id\":\"https:\/\/www.estrategias-web.es\/fr\/#\/schema\/logo\/image\/\",\"url\":\"https:\/\/www.estrategias-web.es\/wp-content\/uploads\/2022\/12\/logoLaResidencia.png\",\"contentUrl\":\"https:\/\/www.estrategias-web.es\/wp-content\/uploads\/2022\/12\/logoLaResidencia.png\",\"width\":113,\"height\":75,\"caption\":\"La Residencia Tarifa\"},\"image\":{\"@id\":\"https:\/\/www.estrategias-web.es\/fr\/#\/schema\/logo\/image\/\"}}]}<\/script>\n<!-- \/ Yoast SEO plugin. -->","yoast_head_json":{"title":"Covid - La Residencia Tarifa","robots":{"index":"noindex","follow":"follow","max-snippet":"max-snippet:-1","max-image-preview":"max-image-preview:large","max-video-preview":"max-video-preview:-1"},"og_locale":"fr_FR","og_type":"article","og_title":"Covid - La Residencia Tarifa","og_description":"Mesures COVID Pr\u00e9vention R\u00e8gles de coexistence et de fonctionnement des services apr\u00e8s l&rsquo;application des mesures pr\u00e9ventives pour le confinement de COVID-19 Les appartements de la R\u00e9sidence travaillent dans l&rsquo;optique de la s\u00e9curit\u00e9 et du bien-\u00eatre de nos clients, c&rsquo;est pourquoi nous vous demandons votre collaboration et votre engagement \u00e0 respecter les r\u00e8gles sp\u00e9ciales de coexistence [&hellip;]","og_url":"https:\/\/www.estrategias-web.es\/fr\/covid\/","og_site_name":"La Residencia Tarifa","article_modified_time":"2022-12-29T18:47:24+00:00","twitter_card":"summary_large_image","twitter_misc":{"Dur\u00e9e de lecture estim\u00e9e":"4 minutes"},"schema":{"@context":"https:\/\/schema.org","@graph":[{"@type":"WebPage","@id":"https:\/\/www.estrategias-web.es\/fr\/covid\/","url":"https:\/\/www.estrategias-web.es\/fr\/covid\/","name":"Covid - La Residencia Tarifa","isPartOf":{"@id":"https:\/\/www.estrategias-web.es\/fr\/#website"},"datePublished":"2022-12-21T14:07:15+00:00","dateModified":"2022-12-29T18:47:24+00:00","breadcrumb":{"@id":"https:\/\/www.estrategias-web.es\/fr\/covid\/#breadcrumb"},"inLanguage":"fr-FR","potentialAction":[{"@type":"ReadAction","target":["https:\/\/www.estrategias-web.es\/fr\/covid\/"]}]},{"@type":"BreadcrumbList","@id":"https:\/\/www.estrategias-web.es\/fr\/covid\/#breadcrumb","itemListElement":[{"@type":"ListItem","position":1,"name":"Portada","item":"https:\/\/www.estrategias-web.es\/fr\/"},{"@type":"ListItem","position":2,"name":"Covid"}]},{"@type":"WebSite","@id":"https:\/\/www.estrategias-web.es\/fr\/#website","url":"https:\/\/www.estrategias-web.es\/fr\/","name":"La Residencia Tarifa","description":"Hotel, apartamentos, spa y restaurante","publisher":{"@id":"https:\/\/www.estrategias-web.es\/fr\/#organization"},"potentialAction":[{"@type":"SearchAction","target":{"@type":"EntryPoint","urlTemplate":"https:\/\/www.estrategias-web.es\/fr\/?s={search_term_string}"},"query-input":"required name=search_term_string"}],"inLanguage":"fr-FR"},{"@type":"Organization","@id":"https:\/\/www.estrategias-web.es\/fr\/#organization","name":"La Residencia Tarifa","url":"https:\/\/www.estrategias-web.es\/fr\/","logo":{"@type":"ImageObject","inLanguage":"fr-FR","@id":"https:\/\/www.estrategias-web.es\/fr\/#\/schema\/logo\/image\/","url":"https:\/\/www.estrategias-web.es\/wp-content\/uploads\/2022\/12\/logoLaResidencia.png","contentUrl":"https:\/\/www.estrategias-web.es\/wp-content\/uploads\/2022\/12\/logoLaResidencia.png","width":113,"height":75,"caption":"La Residencia Tarifa"},"image":{"@id":"https:\/\/www.estrategias-web.es\/fr\/#\/schema\/logo\/image\/"}}]}},"acf":[],"_links":{"self":[{"href":"https:\/\/www.estrategias-web.es\/fr\/wp-json\/wp\/v2\/pages\/4690","targetHints":{"allow":["GET"]}}],"collection":[{"href":"https:\/\/www.estrategias-web.es\/fr\/wp-json\/wp\/v2\/pages"}],"about":[{"href":"https:\/\/www.estrategias-web.es\/fr\/wp-json\/wp\/v2\/types\/page"}],"author":[{"embeddable":true,"href":"https:\/\/www.estrategias-web.es\/fr\/wp-json\/wp\/v2\/users\/1"}],"replies":[{"embeddable":true,"href":"https:\/\/www.estrategias-web.es\/fr\/wp-json\/wp\/v2\/comments?post=4690"}],"version-history":[{"count":3,"href":"https:\/\/www.estrategias-web.es\/fr\/wp-json\/wp\/v2\/pages\/4690\/revisions"}],"predecessor-version":[{"id":4693,"href":"https:\/\/www.estrategias-web.es\/fr\/wp-json\/wp\/v2\/pages\/4690\/revisions\/4693"}],"wp:attachment":[{"href":"https:\/\/www.estrategias-web.es\/fr\/wp-json\/wp\/v2\/media?parent=4690"}],"curies":[{"name":"wp","href":"https:\/\/api.w.org\/{rel}","templated":true}]}}