{"id":4866,"date":"2022-12-20T20:16:24","date_gmt":"2022-12-20T19:16:24","guid":{"rendered":"https:\/\/www.estrategias-web.es\/nuestra-historia\/"},"modified":"2022-12-30T21:03:12","modified_gmt":"2022-12-30T20:03:12","slug":"nuestra-historia","status":"publish","type":"page","link":"https:\/\/www.estrategias-web.es\/de\/nuestra-historia\/","title":{"rendered":"Nuestra Historia"},"content":{"rendered":"\t\t<div data-elementor-type=\"wp-page\" data-elementor-id=\"4866\" class=\"elementor elementor-4866 elementor-3542\">\n\t\t\t\t\t\t\t\t\t<section class=\"elementor-section elementor-top-section elementor-element elementor-element-8528d2f elementor-section-full_width elementor-section-height-min-height elementor-section-height-default elementor-section-items-middle\" data-id=\"8528d2f\" data-element_type=\"section\" data-settings=\"{&quot;background_background&quot;:&quot;classic&quot;}\">\n\t\t\t\t\t\t<div class=\"elementor-container elementor-column-gap-default\">\n\t\t\t\t\t<div class=\"elementor-column elementor-col-100 elementor-top-column elementor-element elementor-element-5029b2c\" data-id=\"5029b2c\" data-element_type=\"column\">\n\t\t\t<div class=\"elementor-widget-wrap elementor-element-populated\">\n\t\t\t\t\t\t\t\t<div class=\"elementor-element elementor-element-dbc6681 elementor-widget elementor-widget-heading\" data-id=\"dbc6681\" data-element_type=\"widget\" data-widget_type=\"heading.default\">\n\t\t\t\t<div class=\"elementor-widget-container\">\n\t\t\t<style>\/*! elementor - v3.9.0 - 06-12-2022 *\/\n.elementor-heading-title{padding:0;margin:0;line-height:1}.elementor-widget-heading .elementor-heading-title[class*=elementor-size-]>a{color:inherit;font-size:inherit;line-height:inherit}.elementor-widget-heading .elementor-heading-title.elementor-size-small{font-size:15px}.elementor-widget-heading .elementor-heading-title.elementor-size-medium{font-size:19px}.elementor-widget-heading .elementor-heading-title.elementor-size-large{font-size:29px}.elementor-widget-heading .elementor-heading-title.elementor-size-xl{font-size:39px}.elementor-widget-heading .elementor-heading-title.elementor-size-xxl{font-size:59px}<\/style><h1 class=\"elementor-heading-title elementor-size-default\">Unsere Geschichte<\/h1>\t\t<\/div>\n\t\t\t\t<\/div>\n\t\t\t\t\t<\/div>\n\t\t<\/div>\n\t\t\t\t\t\t\t<\/div>\n\t\t<\/section>\n\t\t\t\t<section class=\"elementor-section elementor-top-section elementor-element elementor-element-f8dd077 elementor-section-boxed elementor-section-height-default elementor-section-height-default\" data-id=\"f8dd077\" data-element_type=\"section\">\n\t\t\t\t\t\t<div class=\"elementor-container elementor-column-gap-default\">\n\t\t\t\t\t<div class=\"elementor-column elementor-col-50 elementor-top-column elementor-element elementor-element-6d663e9\" data-id=\"6d663e9\" data-element_type=\"column\">\n\t\t\t<div class=\"elementor-widget-wrap elementor-element-populated\">\n\t\t\t\t\t\t\t\t<div class=\"elementor-element elementor-element-f68725f elementor-widget elementor-widget-heading\" data-id=\"f68725f\" data-element_type=\"widget\" data-widget_type=\"heading.default\">\n\t\t\t\t<div class=\"elementor-widget-container\">\n\t\t\t<h3 class=\"elementor-heading-title elementor-size-default\">Praktisch in Tr\u00fcmmern...<\/h3>\t\t<\/div>\n\t\t\t\t<\/div>\n\t\t\t\t<div class=\"elementor-element elementor-element-6b1a12d elementor-widget elementor-widget-text-editor\" data-id=\"6b1a12d\" data-element_type=\"widget\" data-widget_type=\"text-editor.default\">\n\t\t\t\t<div class=\"elementor-widget-container\">\n\t\t\t<style>\/*! elementor - v3.9.0 - 06-12-2022 *\/\n.elementor-widget-text-editor.elementor-drop-cap-view-stacked .elementor-drop-cap{background-color:#818a91;color:#fff}.elementor-widget-text-editor.elementor-drop-cap-view-framed .elementor-drop-cap{color:#818a91;border:3px solid;background-color:transparent}.elementor-widget-text-editor:not(.elementor-drop-cap-view-default) .elementor-drop-cap{margin-top:8px}.elementor-widget-text-editor:not(.elementor-drop-cap-view-default) .elementor-drop-cap-letter{width:1em;height:1em}.elementor-widget-text-editor .elementor-drop-cap{float:left;text-align:center;line-height:1;font-size:50px}.elementor-widget-text-editor .elementor-drop-cap-letter{display:inline-block}<\/style>\t\t\t\t<p>Wo sich heute &#8222;La Residencia Apartamentos&#8220; befindet, wurde in den 40er Jahren vom spanischen Milit\u00e4rstaat die &#8222;Residencia de Suboficiales&#8220; gebaut und diente als Unterkunft f\u00fcr Unteroffiziere aus ganz Spanien w\u00e4hrend ihres Milit\u00e4rdienstes. Es hatte Gemeinschaftsr\u00e4ume und B\u00e4der, B\u00fcros, K\u00fcche und sogar eine Bibliothek.<\/p><p>In den 1990er Jahren begannen die Milit\u00e4ranlagen rund um die Stra\u00dfe von Gibraltar geschlossen zu werden. Bevor das Geb\u00e4ude komplett geschlossen und aufgegeben wurde, war es zu einem Lagerhaus umgebaut worden.<\/p><p>Als wir &#8222;La Residencia&#8220; im Fr\u00fchjahr 2012 ersteigerten, war der Zustand katastrophal.<\/p><p>Dieses Geb\u00e4ude hatte unsere Aufmerksamkeit wegen seiner herrlichen Lage erregt, und vor allem waren wir \u00fcberrascht, dass es zu keinem Zweck mehr genutzt wurde und praktisch eine Ruine geworden war.<\/p><p>Obwohl T\u00fcren, Gel\u00e4nder und Fenster in Brand geraten waren, war das Dach intakt und das Geb\u00e4ude im Allgemeinen in einem recht guten Zustand.<\/p><p>Nach der Renovierung der alten T\u00fcren, der Suche nach M\u00f6beln und Dekoration, die in das, was von der alten Unteroffiziersresidenz \u00fcbrig geblieben war, passen w\u00fcrden, und nach nur 9 Monaten Renovierung, haben wir &#8222;La Residencia Apartamentos&#8220; am 1. August 2013 mit einer gro\u00dfen Party eingeweiht.<\/p><p>Zwischen 2016 und 2018 wurde dieses stattliche Geb\u00e4ude restauriert.<\/p>\t\t\t\t\t\t<\/div>\n\t\t\t\t<\/div>\n\t\t\t\t\t<\/div>\n\t\t<\/div>\n\t\t\t\t<div class=\"elementor-column elementor-col-50 elementor-top-column elementor-element elementor-element-245d0b7\" data-id=\"245d0b7\" data-element_type=\"column\">\n\t\t\t<div class=\"elementor-widget-wrap elementor-element-populated\">\n\t\t\t\t\t\t\t\t<div class=\"elementor-element elementor-element-9d6c779 elementor-widget elementor-widget-image\" data-id=\"9d6c779\" data-element_type=\"widget\" data-widget_type=\"image.default\">\n\t\t\t\t<div class=\"elementor-widget-container\">\n\t\t\t<style>\/*! elementor - v3.9.0 - 06-12-2022 *\/\n.elementor-widget-image{text-align:center}.elementor-widget-image a{display:inline-block}.elementor-widget-image a img[src$=\".svg\"]{width:48px}.elementor-widget-image img{vertical-align:middle;display:inline-block}<\/style>\t\t\t\t\t\t\t\t\t\t\t\t<img loading=\"lazy\" decoding=\"async\" width=\"650\" height=\"366\" src=\"https:\/\/www.estrategias-web.es\/wp-content\/uploads\/2022\/12\/nuestrahistoria02final.jpg\" class=\"attachment-large size-large wp-image-3553\" alt=\"\" srcset=\"https:\/\/www.estrategias-web.es\/wp-content\/uploads\/2022\/12\/nuestrahistoria02final.jpg 650w, https:\/\/www.estrategias-web.es\/wp-content\/uploads\/2022\/12\/nuestrahistoria02final-300x169.jpg 300w\" sizes=\"auto, (max-width: 650px) 100vw, 650px\" \/>\t\t\t\t\t\t\t\t\t\t\t\t\t\t\t<\/div>\n\t\t\t\t<\/div>\n\t\t\t\t<div class=\"elementor-element elementor-element-dc4987a elementor-widget elementor-widget-image\" data-id=\"dc4987a\" data-element_type=\"widget\" data-widget_type=\"image.default\">\n\t\t\t\t<div class=\"elementor-widget-container\">\n\t\t\t\t\t\t\t\t\t\t\t\t\t\t\t<img loading=\"lazy\" decoding=\"async\" width=\"650\" height=\"433\" src=\"https:\/\/www.estrategias-web.es\/wp-content\/uploads\/2022\/12\/nuestrahistoria03final.jpg\" class=\"attachment-large size-large wp-image-3557\" alt=\"\" srcset=\"https:\/\/www.estrategias-web.es\/wp-content\/uploads\/2022\/12\/nuestrahistoria03final.jpg 650w, https:\/\/www.estrategias-web.es\/wp-content\/uploads\/2022\/12\/nuestrahistoria03final-300x200.jpg 300w\" sizes=\"auto, (max-width: 650px) 100vw, 650px\" \/>\t\t\t\t\t\t\t\t\t\t\t\t\t\t\t<\/div>\n\t\t\t\t<\/div>\n\t\t\t\t\t<\/div>\n\t\t<\/div>\n\t\t\t\t\t\t\t<\/div>\n\t\t<\/section>\n\t\t\t\t<section class=\"elementor-section elementor-top-section elementor-element elementor-element-5ef8877 elementor-section-boxed elementor-section-height-default elementor-section-height-default\" data-id=\"5ef8877\" data-element_type=\"section\">\n\t\t\t\t\t\t<div class=\"elementor-container elementor-column-gap-default\">\n\t\t\t\t\t<div class=\"elementor-column elementor-col-50 elementor-top-column elementor-element elementor-element-5002781\" data-id=\"5002781\" data-element_type=\"column\">\n\t\t\t<div class=\"elementor-widget-wrap elementor-element-populated\">\n\t\t\t\t\t\t\t\t<div class=\"elementor-element elementor-element-42a2377 elementor-widget elementor-widget-image\" data-id=\"42a2377\" data-element_type=\"widget\" data-widget_type=\"image.default\">\n\t\t\t\t<div class=\"elementor-widget-container\">\n\t\t\t\t\t\t\t\t\t\t\t\t\t\t\t<img loading=\"lazy\" decoding=\"async\" width=\"1024\" height=\"576\" src=\"https:\/\/www.estrategias-web.es\/wp-content\/uploads\/2022\/12\/nuestrahistoria01-1024x576.jpg\" class=\"attachment-large size-large wp-image-3561\" alt=\"\" srcset=\"https:\/\/www.estrategias-web.es\/wp-content\/uploads\/2022\/12\/nuestrahistoria01-1024x576.jpg 1024w, https:\/\/www.estrategias-web.es\/wp-content\/uploads\/2022\/12\/nuestrahistoria01-300x169.jpg 300w, https:\/\/www.estrategias-web.es\/wp-content\/uploads\/2022\/12\/nuestrahistoria01-768x432.jpg 768w, https:\/\/www.estrategias-web.es\/wp-content\/uploads\/2022\/12\/nuestrahistoria01-1536x864.jpg 1536w, https:\/\/www.estrategias-web.es\/wp-content\/uploads\/2022\/12\/nuestrahistoria01.jpg 2000w\" sizes=\"auto, (max-width: 1024px) 100vw, 1024px\" \/>\t\t\t\t\t\t\t\t\t\t\t\t\t\t\t<\/div>\n\t\t\t\t<\/div>\n\t\t\t\t\t<\/div>\n\t\t<\/div>\n\t\t\t\t<div class=\"elementor-column elementor-col-50 elementor-top-column elementor-element elementor-element-288ab84\" data-id=\"288ab84\" data-element_type=\"column\">\n\t\t\t<div class=\"elementor-widget-wrap elementor-element-populated\">\n\t\t\t\t\t\t\t\t<div class=\"elementor-element elementor-element-f55be3a elementor-widget elementor-widget-image\" data-id=\"f55be3a\" data-element_type=\"widget\" data-widget_type=\"image.default\">\n\t\t\t\t<div class=\"elementor-widget-container\">\n\t\t\t\t\t\t\t\t\t\t\t\t\t\t\t<img loading=\"lazy\" decoding=\"async\" width=\"650\" height=\"366\" src=\"https:\/\/www.estrategias-web.es\/wp-content\/uploads\/2022\/12\/nuestrahistoria04final.jpg\" class=\"attachment-large size-large wp-image-3565\" alt=\"\" srcset=\"https:\/\/www.estrategias-web.es\/wp-content\/uploads\/2022\/12\/nuestrahistoria04final.jpg 650w, https:\/\/www.estrategias-web.es\/wp-content\/uploads\/2022\/12\/nuestrahistoria04final-300x169.jpg 300w\" sizes=\"auto, (max-width: 650px) 100vw, 650px\" \/>\t\t\t\t\t\t\t\t\t\t\t\t\t\t\t<\/div>\n\t\t\t\t<\/div>\n\t\t\t\t\t<\/div>\n\t\t<\/div>\n\t\t\t\t\t\t\t<\/div>\n\t\t<\/section>\n\t\t\t\t\t\t\t<\/div>\n\t\t","protected":false},"excerpt":{"rendered":"<p>Unsere Geschichte Praktisch in Tr\u00fcmmern&#8230; Wo sich heute &#8222;La Residencia Apartamentos&#8220; befindet, wurde in den 40er Jahren vom spanischen Milit\u00e4rstaat die &#8222;Residencia de Suboficiales&#8220; gebaut und diente als Unterkunft f\u00fcr Unteroffiziere aus ganz Spanien w\u00e4hrend ihres Milit\u00e4rdienstes. Es hatte Gemeinschaftsr\u00e4ume und B\u00e4der, B\u00fcros, K\u00fcche und sogar eine Bibliothek. In den 1990er Jahren begannen die Milit\u00e4ranlagen [&hellip;]<\/p>\n","protected":false},"author":1,"featured_media":0,"parent":0,"menu_order":0,"comment_status":"closed","ping_status":"closed","template":"elementor_header_footer","meta":{"footnotes":""},"class_list":["post-4866","page","type-page","status-publish","hentry"],"yoast_head":"<!-- This site is optimized with the Yoast SEO plugin v19.11 - https:\/\/yoast.com\/wordpress\/plugins\/seo\/ -->\n<title>Nuestra Historia - La Residencia Tarifa<\/title>\n<meta name=\"robots\" content=\"noindex, follow, max-snippet:-1, max-image-preview:large, max-video-preview:-1\" \/>\n<meta property=\"og:locale\" content=\"de_DE\" \/>\n<meta property=\"og:type\" content=\"article\" \/>\n<meta property=\"og:title\" content=\"Nuestra Historia - La Residencia Tarifa\" \/>\n<meta property=\"og:description\" content=\"Unsere Geschichte Praktisch in Tr\u00fcmmern&#8230; Wo sich heute &#8222;La Residencia Apartamentos&#8220; befindet, wurde in den 40er Jahren vom spanischen Milit\u00e4rstaat die &#8222;Residencia de Suboficiales&#8220; gebaut und diente als Unterkunft f\u00fcr Unteroffiziere aus ganz Spanien w\u00e4hrend ihres Milit\u00e4rdienstes. Es hatte Gemeinschaftsr\u00e4ume und B\u00e4der, B\u00fcros, K\u00fcche und sogar eine Bibliothek. In den 1990er Jahren begannen die Milit\u00e4ranlagen [&hellip;]\" \/>\n<meta property=\"og:url\" content=\"https:\/\/www.estrategias-web.es\/de\/nuestra-historia\/\" \/>\n<meta property=\"og:site_name\" content=\"La Residencia Tarifa\" \/>\n<meta property=\"article:modified_time\" content=\"2022-12-30T20:03:12+00:00\" \/>\n<meta property=\"og:image\" content=\"https:\/\/www.estrategias-web.es\/wp-content\/uploads\/2022\/12\/nuestrahistoria02final.jpg\" \/>\n<meta name=\"twitter:card\" content=\"summary_large_image\" \/>\n<meta name=\"twitter:label1\" content=\"Gesch\u00e4tzte Lesezeit\" \/>\n\t<meta name=\"twitter:data1\" content=\"2\u00a0Minuten\" \/>\n<script type=\"application\/ld+json\" class=\"yoast-schema-graph\">{\"@context\":\"https:\/\/schema.org\",\"@graph\":[{\"@type\":\"WebPage\",\"@id\":\"https:\/\/www.estrategias-web.es\/de\/nuestra-historia\/\",\"url\":\"https:\/\/www.estrategias-web.es\/de\/nuestra-historia\/\",\"name\":\"Nuestra Historia - La Residencia Tarifa\",\"isPartOf\":{\"@id\":\"https:\/\/www.estrategias-web.es\/de\/#website\"},\"datePublished\":\"2022-12-20T19:16:24+00:00\",\"dateModified\":\"2022-12-30T20:03:12+00:00\",\"breadcrumb\":{\"@id\":\"https:\/\/www.estrategias-web.es\/de\/nuestra-historia\/#breadcrumb\"},\"inLanguage\":\"de\",\"potentialAction\":[{\"@type\":\"ReadAction\",\"target\":[\"https:\/\/www.estrategias-web.es\/de\/nuestra-historia\/\"]}]},{\"@type\":\"BreadcrumbList\",\"@id\":\"https:\/\/www.estrategias-web.es\/de\/nuestra-historia\/#breadcrumb\",\"itemListElement\":[{\"@type\":\"ListItem\",\"position\":1,\"name\":\"Portada\",\"item\":\"https:\/\/www.estrategias-web.es\/de\/\"},{\"@type\":\"ListItem\",\"position\":2,\"name\":\"Nuestra Historia\"}]},{\"@type\":\"WebSite\",\"@id\":\"https:\/\/www.estrategias-web.es\/de\/#website\",\"url\":\"https:\/\/www.estrategias-web.es\/de\/\",\"name\":\"La Residencia Tarifa\",\"description\":\"Hotel, apartamentos, spa y restaurante\",\"publisher\":{\"@id\":\"https:\/\/www.estrategias-web.es\/de\/#organization\"},\"potentialAction\":[{\"@type\":\"SearchAction\",\"target\":{\"@type\":\"EntryPoint\",\"urlTemplate\":\"https:\/\/www.estrategias-web.es\/de\/?s={search_term_string}\"},\"query-input\":\"required name=search_term_string\"}],\"inLanguage\":\"de\"},{\"@type\":\"Organization\",\"@id\":\"https:\/\/www.estrategias-web.es\/de\/#organization\",\"name\":\"La Residencia Tarifa\",\"url\":\"https:\/\/www.estrategias-web.es\/de\/\",\"logo\":{\"@type\":\"ImageObject\",\"inLanguage\":\"de\",\"@id\":\"https:\/\/www.estrategias-web.es\/de\/#\/schema\/logo\/image\/\",\"url\":\"https:\/\/www.estrategias-web.es\/wp-content\/uploads\/2022\/12\/logoLaResidencia.png\",\"contentUrl\":\"https:\/\/www.estrategias-web.es\/wp-content\/uploads\/2022\/12\/logoLaResidencia.png\",\"width\":113,\"height\":75,\"caption\":\"La Residencia Tarifa\"},\"image\":{\"@id\":\"https:\/\/www.estrategias-web.es\/de\/#\/schema\/logo\/image\/\"}}]}<\/script>\n<!-- \/ Yoast SEO plugin. -->","yoast_head_json":{"title":"Nuestra Historia - La Residencia Tarifa","robots":{"index":"noindex","follow":"follow","max-snippet":"max-snippet:-1","max-image-preview":"max-image-preview:large","max-video-preview":"max-video-preview:-1"},"og_locale":"de_DE","og_type":"article","og_title":"Nuestra Historia - La Residencia Tarifa","og_description":"Unsere Geschichte Praktisch in Tr\u00fcmmern&#8230; Wo sich heute &#8222;La Residencia Apartamentos&#8220; befindet, wurde in den 40er Jahren vom spanischen Milit\u00e4rstaat die &#8222;Residencia de Suboficiales&#8220; gebaut und diente als Unterkunft f\u00fcr Unteroffiziere aus ganz Spanien w\u00e4hrend ihres Milit\u00e4rdienstes. Es hatte Gemeinschaftsr\u00e4ume und B\u00e4der, B\u00fcros, K\u00fcche und sogar eine Bibliothek. In den 1990er Jahren begannen die Milit\u00e4ranlagen [&hellip;]","og_url":"https:\/\/www.estrategias-web.es\/de\/nuestra-historia\/","og_site_name":"La Residencia Tarifa","article_modified_time":"2022-12-30T20:03:12+00:00","og_image":[{"url":"https:\/\/www.estrategias-web.es\/wp-content\/uploads\/2022\/12\/nuestrahistoria02final.jpg"}],"twitter_card":"summary_large_image","twitter_misc":{"Gesch\u00e4tzte Lesezeit":"2\u00a0Minuten"},"schema":{"@context":"https:\/\/schema.org","@graph":[{"@type":"WebPage","@id":"https:\/\/www.estrategias-web.es\/de\/nuestra-historia\/","url":"https:\/\/www.estrategias-web.es\/de\/nuestra-historia\/","name":"Nuestra Historia - La Residencia Tarifa","isPartOf":{"@id":"https:\/\/www.estrategias-web.es\/de\/#website"},"datePublished":"2022-12-20T19:16:24+00:00","dateModified":"2022-12-30T20:03:12+00:00","breadcrumb":{"@id":"https:\/\/www.estrategias-web.es\/de\/nuestra-historia\/#breadcrumb"},"inLanguage":"de","potentialAction":[{"@type":"ReadAction","target":["https:\/\/www.estrategias-web.es\/de\/nuestra-historia\/"]}]},{"@type":"BreadcrumbList","@id":"https:\/\/www.estrategias-web.es\/de\/nuestra-historia\/#breadcrumb","itemListElement":[{"@type":"ListItem","position":1,"name":"Portada","item":"https:\/\/www.estrategias-web.es\/de\/"},{"@type":"ListItem","position":2,"name":"Nuestra Historia"}]},{"@type":"WebSite","@id":"https:\/\/www.estrategias-web.es\/de\/#website","url":"https:\/\/www.estrategias-web.es\/de\/","name":"La Residencia Tarifa","description":"Hotel, apartamentos, spa y restaurante","publisher":{"@id":"https:\/\/www.estrategias-web.es\/de\/#organization"},"potentialAction":[{"@type":"SearchAction","target":{"@type":"EntryPoint","urlTemplate":"https:\/\/www.estrategias-web.es\/de\/?s={search_term_string}"},"query-input":"required name=search_term_string"}],"inLanguage":"de"},{"@type":"Organization","@id":"https:\/\/www.estrategias-web.es\/de\/#organization","name":"La Residencia Tarifa","url":"https:\/\/www.estrategias-web.es\/de\/","logo":{"@type":"ImageObject","inLanguage":"de","@id":"https:\/\/www.estrategias-web.es\/de\/#\/schema\/logo\/image\/","url":"https:\/\/www.estrategias-web.es\/wp-content\/uploads\/2022\/12\/logoLaResidencia.png","contentUrl":"https:\/\/www.estrategias-web.es\/wp-content\/uploads\/2022\/12\/logoLaResidencia.png","width":113,"height":75,"caption":"La Residencia Tarifa"},"image":{"@id":"https:\/\/www.estrategias-web.es\/de\/#\/schema\/logo\/image\/"}}]}},"acf":[],"_links":{"self":[{"href":"https:\/\/www.estrategias-web.es\/de\/wp-json\/wp\/v2\/pages\/4866","targetHints":{"allow":["GET"]}}],"collection":[{"href":"https:\/\/www.estrategias-web.es\/de\/wp-json\/wp\/v2\/pages"}],"about":[{"href":"https:\/\/www.estrategias-web.es\/de\/wp-json\/wp\/v2\/types\/page"}],"author":[{"embeddable":true,"href":"https:\/\/www.estrategias-web.es\/de\/wp-json\/wp\/v2\/users\/1"}],"replies":[{"embeddable":true,"href":"https:\/\/www.estrategias-web.es\/de\/wp-json\/wp\/v2\/comments?post=4866"}],"version-history":[{"count":3,"href":"https:\/\/www.estrategias-web.es\/de\/wp-json\/wp\/v2\/pages\/4866\/revisions"}],"predecessor-version":[{"id":4869,"href":"https:\/\/www.estrategias-web.es\/de\/wp-json\/wp\/v2\/pages\/4866\/revisions\/4869"}],"wp:attachment":[{"href":"https:\/\/www.estrategias-web.es\/de\/wp-json\/wp\/v2\/media?parent=4866"}],"curies":[{"name":"wp","href":"https:\/\/api.w.org\/{rel}","templated":true}]}}