{"id":4815,"date":"2022-12-17T22:10:51","date_gmt":"2022-12-17T21:10:51","guid":{"rendered":"https:\/\/www.estrategias-web.es\/trabaja-con-nosotros\/"},"modified":"2022-12-30T19:25:12","modified_gmt":"2022-12-30T18:25:12","slug":"trabaja-con-nosotros","status":"publish","type":"page","link":"https:\/\/www.estrategias-web.es\/de\/trabaja-con-nosotros\/","title":{"rendered":"Trabaja con nosotros"},"content":{"rendered":"\t\t<div data-elementor-type=\"wp-page\" data-elementor-id=\"4815\" class=\"elementor elementor-4815 elementor-2238\">\n\t\t\t\t\t\t\t\t\t<section class=\"elementor-section elementor-top-section elementor-element elementor-element-ffdb9b8 elementor-section-full_width elementor-section-height-default elementor-section-height-default\" data-id=\"ffdb9b8\" data-element_type=\"section\">\n\t\t\t\t\t\t<div class=\"elementor-container elementor-column-gap-default\">\n\t\t\t\t\t<div class=\"elementor-column elementor-col-100 elementor-top-column elementor-element elementor-element-8ce32d8\" data-id=\"8ce32d8\" data-element_type=\"column\">\n\t\t\t<div class=\"elementor-widget-wrap elementor-element-populated\">\n\t\t\t\t\t\t\t\t<div class=\"elementor-element elementor-element-fb97671 elementor-widget elementor-widget-image\" data-id=\"fb97671\" data-element_type=\"widget\" data-widget_type=\"image.default\">\n\t\t\t\t<div class=\"elementor-widget-container\">\n\t\t\t<style>\/*! elementor - v3.9.0 - 06-12-2022 *\/\n.elementor-widget-image{text-align:center}.elementor-widget-image a{display:inline-block}.elementor-widget-image a img[src$=\".svg\"]{width:48px}.elementor-widget-image img{vertical-align:middle;display:inline-block}<\/style>\t\t\t\t\t\t\t\t\t\t\t\t<img loading=\"lazy\" decoding=\"async\" width=\"1600\" height=\"540\" src=\"https:\/\/www.estrategias-web.es\/wp-content\/uploads\/2022\/12\/trabajaconnosotrostop.jpg\" class=\"attachment-full size-full wp-image-2249\" alt=\"\" srcset=\"https:\/\/www.estrategias-web.es\/wp-content\/uploads\/2022\/12\/trabajaconnosotrostop.jpg 1600w, https:\/\/www.estrategias-web.es\/wp-content\/uploads\/2022\/12\/trabajaconnosotrostop-300x101.jpg 300w, https:\/\/www.estrategias-web.es\/wp-content\/uploads\/2022\/12\/trabajaconnosotrostop-1024x346.jpg 1024w, https:\/\/www.estrategias-web.es\/wp-content\/uploads\/2022\/12\/trabajaconnosotrostop-768x259.jpg 768w, https:\/\/www.estrategias-web.es\/wp-content\/uploads\/2022\/12\/trabajaconnosotrostop-1536x518.jpg 1536w\" sizes=\"auto, (max-width: 1600px) 100vw, 1600px\" \/>\t\t\t\t\t\t\t\t\t\t\t\t\t\t\t<\/div>\n\t\t\t\t<\/div>\n\t\t\t\t\t<\/div>\n\t\t<\/div>\n\t\t\t\t\t\t\t<\/div>\n\t\t<\/section>\n\t\t\t\t<section class=\"elementor-section elementor-top-section elementor-element elementor-element-85da13b elementor-section-boxed elementor-section-height-default elementor-section-height-default\" data-id=\"85da13b\" data-element_type=\"section\">\n\t\t\t\t\t\t<div class=\"elementor-container elementor-column-gap-default\">\n\t\t\t\t\t<div class=\"elementor-column elementor-col-100 elementor-top-column elementor-element elementor-element-1cd0c44\" data-id=\"1cd0c44\" data-element_type=\"column\">\n\t\t\t<div class=\"elementor-widget-wrap elementor-element-populated\">\n\t\t\t\t\t\t\t\t<div class=\"elementor-element elementor-element-7395e7d elementor-widget elementor-widget-heading\" data-id=\"7395e7d\" data-element_type=\"widget\" data-widget_type=\"heading.default\">\n\t\t\t\t<div class=\"elementor-widget-container\">\n\t\t\t<style>\/*! elementor - v3.9.0 - 06-12-2022 *\/\n.elementor-heading-title{padding:0;margin:0;line-height:1}.elementor-widget-heading .elementor-heading-title[class*=elementor-size-]>a{color:inherit;font-size:inherit;line-height:inherit}.elementor-widget-heading .elementor-heading-title.elementor-size-small{font-size:15px}.elementor-widget-heading .elementor-heading-title.elementor-size-medium{font-size:19px}.elementor-widget-heading .elementor-heading-title.elementor-size-large{font-size:29px}.elementor-widget-heading .elementor-heading-title.elementor-size-xl{font-size:39px}.elementor-widget-heading .elementor-heading-title.elementor-size-xxl{font-size:59px}<\/style><h3 class=\"elementor-heading-title elementor-size-default\">Arbeiten Sie mit uns<\/h3>\t\t<\/div>\n\t\t\t\t<\/div>\n\t\t\t\t<div class=\"elementor-element elementor-element-f1a7b13 elementor-widget elementor-widget-text-editor\" data-id=\"f1a7b13\" data-element_type=\"widget\" data-widget_type=\"text-editor.default\">\n\t\t\t\t<div class=\"elementor-widget-container\">\n\t\t\t<style>\/*! elementor - v3.9.0 - 06-12-2022 *\/\n.elementor-widget-text-editor.elementor-drop-cap-view-stacked .elementor-drop-cap{background-color:#818a91;color:#fff}.elementor-widget-text-editor.elementor-drop-cap-view-framed .elementor-drop-cap{color:#818a91;border:3px solid;background-color:transparent}.elementor-widget-text-editor:not(.elementor-drop-cap-view-default) .elementor-drop-cap{margin-top:8px}.elementor-widget-text-editor:not(.elementor-drop-cap-view-default) .elementor-drop-cap-letter{width:1em;height:1em}.elementor-widget-text-editor .elementor-drop-cap{float:left;text-align:center;line-height:1;font-size:50px}.elementor-widget-text-editor .elementor-drop-cap-letter{display:inline-block}<\/style>\t\t\t\t<p>Suchen Sie eine neue Chance? Ein 4-Sterne-Hotel mit Spa und Restaurant ist ein fantastischer Ort f\u00fcr Ihre n\u00e4chsten Schritte. Werden Sie Teil der La-Residencia-Familie und nutzen Sie die Gelegenheit, sich weiterzubilden und Ihre Karriere zu entwickeln. Wenn Sie neu sind, bieten wir Ihnen auch einige fantastische M\u00f6glichkeiten, Ihre Karriere zu starten und wertvolle Erfahrungen zu sammeln.<\/p><p>In unserer Jobb\u00f6rse finden Sie die neuesten Stellenangebote.<\/p>\t\t\t\t\t\t<\/div>\n\t\t\t\t<\/div>\n\t\t\t\t\t<\/div>\n\t\t<\/div>\n\t\t\t\t\t\t\t<\/div>\n\t\t<\/section>\n\t\t\t\t<section class=\"elementor-section elementor-top-section elementor-element elementor-element-846c3ff elementor-section-boxed elementor-section-height-default elementor-section-height-default\" data-id=\"846c3ff\" data-element_type=\"section\">\n\t\t\t\t\t\t<div class=\"elementor-container elementor-column-gap-default\">\n\t\t\t\t\t<div class=\"elementor-column elementor-col-50 elementor-top-column elementor-element elementor-element-4a3b718\" data-id=\"4a3b718\" data-element_type=\"column\">\n\t\t\t<div class=\"elementor-widget-wrap elementor-element-populated\">\n\t\t\t\t\t\t\t\t<div class=\"elementor-element elementor-element-c221ef8 elementor-widget elementor-widget-heading\" data-id=\"c221ef8\" data-element_type=\"widget\" data-widget_type=\"heading.default\">\n\t\t\t\t<div class=\"elementor-widget-container\">\n\t\t\t<h2 class=\"elementor-heading-title elementor-size-default\">Beitreten<\/h2>\t\t<\/div>\n\t\t\t\t<\/div>\n\t\t\t\t<div class=\"elementor-element elementor-element-cf46844 elementor-widget elementor-widget-text-editor\" data-id=\"cf46844\" data-element_type=\"widget\" data-widget_type=\"text-editor.default\">\n\t\t\t\t<div class=\"elementor-widget-container\">\n\t\t\t\t\t\t\t<div class=\"fusion-text fusion-text-2 md-text-align-center sm-text-align-center\"><p>Z\u00f6gern Sie nicht, uns zu kontaktieren; wenn Sie in einem der Bereiche des Hotels (Spa, Restaurant, technischer Dienst, Reinigung, Rezeption&#8230;) t\u00e4tig sind, m\u00f6chten wir Sie kennenlernen.<\/p><\/div><div class=\"fusion-text fusion-text-3 md-text-align-center sm-text-align-center\"><p>Schicken Sie uns Ihren Lebenslauf zusammen mit einem Anschreiben und unter Angabe des Bereichs oder der Stelle, f\u00fcr die Sie sich interessieren, an\u00a0<u>trabajaconnosotros@laresidenciatarifa.es<\/u>. Wir werden jede Bewerbung sorgf\u00e4ltig pr\u00fcfen, und wenn Ihr Profil ausgew\u00e4hlt wird, werden wir Sie f\u00fcr ein Vorstellungsgespr\u00e4ch kontaktieren.<\/p><\/div>\t\t\t\t\t\t<\/div>\n\t\t\t\t<\/div>\n\t\t\t\t<div class=\"elementor-element elementor-element-a60f3c4 elementor-widget elementor-widget-heading\" data-id=\"a60f3c4\" data-element_type=\"widget\" data-widget_type=\"heading.default\">\n\t\t\t\t<div class=\"elementor-widget-container\">\n\t\t\t<h3 class=\"elementor-heading-title elementor-size-default\">Mission, Werte<\/h3>\t\t<\/div>\n\t\t\t\t<\/div>\n\t\t\t\t<div class=\"elementor-element elementor-element-e9bddae elementor-widget elementor-widget-text-editor\" data-id=\"e9bddae\" data-element_type=\"widget\" data-widget_type=\"text-editor.default\">\n\t\t\t\t<div class=\"elementor-widget-container\">\n\t\t\t\t\t\t\t<p>Wir wollen die Zeit, die unsere Kunden uns widmen, belohnen, indem wir eine Umgebung schaffen, die sich durch ihre Gastfreundschaft auszeichnet, in der man das Leben, die Natur und die Arbeit genie\u00dfen kann, und zwar durch eine individuelle, enge und famili\u00e4re Behandlung, die von einem hoch motivierten Personal in einem innovativen Raum durchgef\u00fchrt wird, in dem Unterkunft, Erlebnisse und Empfindungen miteinander verschmelzen.<\/p><p>Wir m\u00f6chten unseren Kunden eine hochwertige Unterkunft, Entspannung, Gastronomie, Wellness und Freizeit auf nachhaltige Weise bieten, indem wir ihnen einzigartige Momente bieten, die sie motivieren, nach La Residencia Puerto zur\u00fcckzukehren.<\/p>\t\t\t\t\t\t<\/div>\n\t\t\t\t<\/div>\n\t\t\t\t\t<\/div>\n\t\t<\/div>\n\t\t\t\t<div class=\"elementor-column elementor-col-50 elementor-top-column elementor-element elementor-element-81e393c\" data-id=\"81e393c\" data-element_type=\"column\">\n\t\t\t<div class=\"elementor-widget-wrap elementor-element-populated\">\n\t\t\t\t\t\t\t\t<div class=\"elementor-element elementor-element-26a2ae2 elementor-widget elementor-widget-image\" data-id=\"26a2ae2\" data-element_type=\"widget\" data-widget_type=\"image.default\">\n\t\t\t\t<div class=\"elementor-widget-container\">\n\t\t\t\t\t\t\t\t\t\t\t\t\t\t\t<img loading=\"lazy\" decoding=\"async\" width=\"559\" height=\"742\" src=\"https:\/\/www.estrategias-web.es\/wp-content\/uploads\/2022\/12\/trabajaconnosotros01.jpg\" class=\"attachment-large size-large wp-image-2254\" alt=\"\" srcset=\"https:\/\/www.estrategias-web.es\/wp-content\/uploads\/2022\/12\/trabajaconnosotros01.jpg 559w, https:\/\/www.estrategias-web.es\/wp-content\/uploads\/2022\/12\/trabajaconnosotros01-226x300.jpg 226w\" sizes=\"auto, (max-width: 559px) 100vw, 559px\" \/>\t\t\t\t\t\t\t\t\t\t\t\t\t\t\t<\/div>\n\t\t\t\t<\/div>\n\t\t\t\t\t<\/div>\n\t\t<\/div>\n\t\t\t\t\t\t\t<\/div>\n\t\t<\/section>\n\t\t\t\t<section class=\"elementor-section elementor-top-section elementor-element elementor-element-ff9a12a elementor-section-boxed elementor-section-height-default elementor-section-height-default\" data-id=\"ff9a12a\" data-element_type=\"section\">\n\t\t\t\t\t\t<div class=\"elementor-container elementor-column-gap-default\">\n\t\t\t\t\t<div class=\"elementor-column elementor-col-100 elementor-top-column elementor-element elementor-element-fb193b3\" data-id=\"fb193b3\" data-element_type=\"column\">\n\t\t\t<div class=\"elementor-widget-wrap elementor-element-populated\">\n\t\t\t\t\t\t\t\t<div class=\"elementor-element elementor-element-9908ad1 elementor-widget elementor-widget-heading\" data-id=\"9908ad1\" data-element_type=\"widget\" data-widget_type=\"heading.default\">\n\t\t\t\t<div class=\"elementor-widget-container\">\n\t\t\t<h2 class=\"elementor-heading-title elementor-size-default\">Stellenangebote<\/h2>\t\t<\/div>\n\t\t\t\t<\/div>\n\t\t\t\t\t<\/div>\n\t\t<\/div>\n\t\t\t\t\t\t\t<\/div>\n\t\t<\/section>\n\t\t\t\t<section class=\"elementor-section elementor-top-section elementor-element elementor-element-4b98436 elementor-section-full_width elementor-section-height-min-height elementor-section-height-default elementor-section-items-middle\" data-id=\"4b98436\" data-element_type=\"section\" data-settings=\"{&quot;background_background&quot;:&quot;classic&quot;}\">\n\t\t\t\t\t\t<div class=\"elementor-container elementor-column-gap-default\">\n\t\t\t\t\t<div class=\"elementor-column elementor-col-100 elementor-top-column elementor-element elementor-element-9ece391\" data-id=\"9ece391\" data-element_type=\"column\">\n\t\t\t<div class=\"elementor-widget-wrap\">\n\t\t\t\t\t\t\t\t\t<\/div>\n\t\t<\/div>\n\t\t\t\t\t\t\t<\/div>\n\t\t<\/section>\n\t\t\t\t<section class=\"elementor-section elementor-top-section elementor-element elementor-element-6c81af1 elementor-section-boxed elementor-section-height-default elementor-section-height-default\" data-id=\"6c81af1\" data-element_type=\"section\">\n\t\t\t\t\t\t<div class=\"elementor-container elementor-column-gap-default\">\n\t\t\t\t\t<div class=\"elementor-column elementor-col-100 elementor-top-column elementor-element elementor-element-3232430\" data-id=\"3232430\" data-element_type=\"column\">\n\t\t\t<div class=\"elementor-widget-wrap elementor-element-populated\">\n\t\t\t\t\t\t\t\t<div class=\"elementor-element elementor-element-904ed58 elementor-widget elementor-widget-heading\" data-id=\"904ed58\" data-element_type=\"widget\" data-widget_type=\"heading.default\">\n\t\t\t\t<div class=\"elementor-widget-container\">\n\t\t\t<h3 class=\"elementor-heading-title elementor-size-default\">Die Residenz Familie<\/h3>\t\t<\/div>\n\t\t\t\t<\/div>\n\t\t\t\t<div class=\"elementor-element elementor-element-80084c6 elementor-widget elementor-widget-text-editor\" data-id=\"80084c6\" data-element_type=\"widget\" data-widget_type=\"text-editor.default\">\n\t\t\t\t<div class=\"elementor-widget-container\">\n\t\t\t\t\t\t\t<p>Wir sind stolz auf die hohen Standards unseres Hauses und wissen, dass das Team eine tragende S\u00e4ule des Erlebnisses f\u00fcr unsere G\u00e4ste ist. Wir wollen Mitarbeiter, die stolz auf die von uns angebotenen Produkte und Dienstleistungen sind. Jeder Tag ist eine Gelegenheit, den G\u00e4sten sch\u00f6ne Erinnerungen zu bereiten.<\/p><p>Wenn wir der Meinung sind, dass Ihre Bewerbung f\u00fcr eine k\u00fcnftige Stelle geeignet sein k\u00f6nnte, werden wir Ihre Daten in unserem Talentpool aufbewahren. Wenn Sie nicht m\u00f6chten, dass Ihre Daten gespeichert werden, teilen Sie uns dies bitte bei der Einreichung Ihrer Bewerbung mit.<\/p>\t\t\t\t\t\t<\/div>\n\t\t\t\t<\/div>\n\t\t\t\t<div class=\"elementor-element elementor-element-6400cdb elementor-widget elementor-widget-heading\" data-id=\"6400cdb\" data-element_type=\"widget\" data-widget_type=\"heading.default\">\n\t\t\t\t<div class=\"elementor-widget-container\">\n\t\t\t<h3 class=\"elementor-heading-title elementor-size-default\">Das Engagement<\/h3>\t\t<\/div>\n\t\t\t\t<\/div>\n\t\t\t\t<div class=\"elementor-element elementor-element-57953eb elementor-widget elementor-widget-text-editor\" data-id=\"57953eb\" data-element_type=\"widget\" data-widget_type=\"text-editor.default\">\n\t\t\t\t<div class=\"elementor-widget-container\">\n\t\t\t\t\t\t\t<p>Was wir wirklich sch\u00e4tzen, ist Ihr Engagement f\u00fcr einen exzellenten Service und Ihre pers\u00f6nlichen Qualit\u00e4ten; sie bestimmen Ihr Handeln am Arbeitsplatz sowie Ihre Loyalit\u00e4t gegen\u00fcber unserem Unternehmen, Ihren Kollegen und unseren G\u00e4sten. Wir haben in einer Reihe von Bereichen grundlegende Standards definiert, die wir von unseren Teammitgliedern auf allen Ebenen erreichen wollen:<\/p>\t\t\t\t\t\t<\/div>\n\t\t\t\t<\/div>\n\t\t\t\t<div class=\"elementor-element elementor-element-d5817fa elementor-widget elementor-widget-text-editor\" data-id=\"d5817fa\" data-element_type=\"widget\" data-widget_type=\"text-editor.default\">\n\t\t\t\t<div class=\"elementor-widget-container\">\n\t\t\t\t\t\t\t<p><strong>Kundenbeziehung:<\/strong>\u00a0ein L\u00e4cheln, eine Anerkennung, Zuh\u00f6ren und das Eingehen auf die Bed\u00fcrfnisse unserer G\u00e4ste. Wir bieten einen pers\u00f6nlichen Service f\u00fcr jeden einzelnen Gast und stellen sicher, dass jeder als Individuum behandelt wird.<\/p><p><strong>Pers\u00f6nliche Pflege und Haltung<\/strong>: eine tadellose Uniform, eine nat\u00fcrliche und gepflegte pers\u00f6nliche Pr\u00e4senz, um den besten Eindruck zu schaffen und die Werte der Residenz zu vermitteln; Qualit\u00e4t, Respekt, Einfachheit. Eine offene, dynamische Einstellung, immer bereit, das Beste zu geben und Kollegen und Abteilungen zu helfen.<\/p><p><strong>Ordnung, Sicherheit<\/strong>: Wir alle tragen die Verantwortung daf\u00fcr, dass unser Hotel und alle seine Bereiche ordentlich aussehen, unser Produkt gesch\u00fctzt ist und immer gut aussieht.<\/p><p>Wir sorgen mit st\u00e4ndiger Aufmerksamkeit daf\u00fcr, dass jede Person, die unser Hotel betritt, Vertrauen in unsere F\u00e4higkeit hat und \u00a0erf\u00e4hrt, dass wir unser Haus auf sichere und gesunde Weise zu f\u00fchren.<\/p><p><strong>Umweltverantwortung:\u00a0<\/strong>Verpflichtung zur Pflege und zum Respekt f\u00fcr die Umwelt bei der t\u00e4glichen Aus\u00fcbung unserer Aktivit\u00e4ten, Produkte und Dienstleistungen, Minimierung der negativen Auswirkungen auf die Umwelt und F\u00f6rderung einer nachhaltigen Kultur, intern und extern.<\/p><p><strong>Gemeinsam sind wir besser:<\/strong>\u00a0Teamwork macht den Traum wahr. Wir sitzen alle im selben Boot. Wir wollen unseren Erfolg teilen, und Sie sind ein gro\u00dfer Teil davon.<\/p>\t\t\t\t\t\t<\/div>\n\t\t\t\t<\/div>\n\t\t\t\t\t<\/div>\n\t\t<\/div>\n\t\t\t\t\t\t\t<\/div>\n\t\t<\/section>\n\t\t\t\t\t\t\t<\/div>\n\t\t","protected":false},"excerpt":{"rendered":"<p>Arbeiten Sie mit uns Suchen Sie eine neue Chance? Ein 4-Sterne-Hotel mit Spa und Restaurant ist ein fantastischer Ort f\u00fcr Ihre n\u00e4chsten Schritte. Werden Sie Teil der La-Residencia-Familie und nutzen Sie die Gelegenheit, sich weiterzubilden und Ihre Karriere zu entwickeln. Wenn Sie neu sind, bieten wir Ihnen auch einige fantastische M\u00f6glichkeiten, Ihre Karriere zu starten [&hellip;]<\/p>\n","protected":false},"author":1,"featured_media":0,"parent":0,"menu_order":0,"comment_status":"closed","ping_status":"closed","template":"elementor_header_footer","meta":{"footnotes":""},"class_list":["post-4815","page","type-page","status-publish","hentry"],"yoast_head":"<!-- This site is optimized with the Yoast SEO plugin v19.11 - https:\/\/yoast.com\/wordpress\/plugins\/seo\/ -->\n<title>Trabaja con nosotros - La Residencia Tarifa<\/title>\n<meta name=\"robots\" content=\"noindex, follow, max-snippet:-1, max-image-preview:large, max-video-preview:-1\" \/>\n<meta property=\"og:locale\" content=\"de_DE\" \/>\n<meta property=\"og:type\" content=\"article\" \/>\n<meta property=\"og:title\" content=\"Trabaja con nosotros - La Residencia Tarifa\" \/>\n<meta property=\"og:description\" content=\"Arbeiten Sie mit uns Suchen Sie eine neue Chance? Ein 4-Sterne-Hotel mit Spa und Restaurant ist ein fantastischer Ort f\u00fcr Ihre n\u00e4chsten Schritte. Werden Sie Teil der La-Residencia-Familie und nutzen Sie die Gelegenheit, sich weiterzubilden und Ihre Karriere zu entwickeln. Wenn Sie neu sind, bieten wir Ihnen auch einige fantastische M\u00f6glichkeiten, Ihre Karriere zu starten [&hellip;]\" \/>\n<meta property=\"og:url\" content=\"https:\/\/www.estrategias-web.es\/de\/trabaja-con-nosotros\/\" \/>\n<meta property=\"og:site_name\" content=\"La Residencia Tarifa\" \/>\n<meta property=\"article:modified_time\" content=\"2022-12-30T18:25:12+00:00\" \/>\n<meta property=\"og:image\" content=\"https:\/\/www.estrategias-web.es\/wp-content\/uploads\/2022\/12\/trabajaconnosotrostop.jpg\" \/>\n<meta name=\"twitter:card\" content=\"summary_large_image\" \/>\n<meta name=\"twitter:label1\" content=\"Gesch\u00e4tzte Lesezeit\" \/>\n\t<meta name=\"twitter:data1\" content=\"4\u00a0Minuten\" \/>\n<script type=\"application\/ld+json\" class=\"yoast-schema-graph\">{\"@context\":\"https:\/\/schema.org\",\"@graph\":[{\"@type\":\"WebPage\",\"@id\":\"https:\/\/www.estrategias-web.es\/de\/trabaja-con-nosotros\/\",\"url\":\"https:\/\/www.estrategias-web.es\/de\/trabaja-con-nosotros\/\",\"name\":\"Trabaja con nosotros - La Residencia Tarifa\",\"isPartOf\":{\"@id\":\"https:\/\/www.estrategias-web.es\/de\/#website\"},\"datePublished\":\"2022-12-17T21:10:51+00:00\",\"dateModified\":\"2022-12-30T18:25:12+00:00\",\"breadcrumb\":{\"@id\":\"https:\/\/www.estrategias-web.es\/de\/trabaja-con-nosotros\/#breadcrumb\"},\"inLanguage\":\"de\",\"potentialAction\":[{\"@type\":\"ReadAction\",\"target\":[\"https:\/\/www.estrategias-web.es\/de\/trabaja-con-nosotros\/\"]}]},{\"@type\":\"BreadcrumbList\",\"@id\":\"https:\/\/www.estrategias-web.es\/de\/trabaja-con-nosotros\/#breadcrumb\",\"itemListElement\":[{\"@type\":\"ListItem\",\"position\":1,\"name\":\"Portada\",\"item\":\"https:\/\/www.estrategias-web.es\/de\/\"},{\"@type\":\"ListItem\",\"position\":2,\"name\":\"Trabaja con nosotros\"}]},{\"@type\":\"WebSite\",\"@id\":\"https:\/\/www.estrategias-web.es\/de\/#website\",\"url\":\"https:\/\/www.estrategias-web.es\/de\/\",\"name\":\"La Residencia Tarifa\",\"description\":\"Hotel, apartamentos, spa y restaurante\",\"publisher\":{\"@id\":\"https:\/\/www.estrategias-web.es\/de\/#organization\"},\"potentialAction\":[{\"@type\":\"SearchAction\",\"target\":{\"@type\":\"EntryPoint\",\"urlTemplate\":\"https:\/\/www.estrategias-web.es\/de\/?s={search_term_string}\"},\"query-input\":\"required name=search_term_string\"}],\"inLanguage\":\"de\"},{\"@type\":\"Organization\",\"@id\":\"https:\/\/www.estrategias-web.es\/de\/#organization\",\"name\":\"La Residencia Tarifa\",\"url\":\"https:\/\/www.estrategias-web.es\/de\/\",\"logo\":{\"@type\":\"ImageObject\",\"inLanguage\":\"de\",\"@id\":\"https:\/\/www.estrategias-web.es\/de\/#\/schema\/logo\/image\/\",\"url\":\"https:\/\/www.estrategias-web.es\/wp-content\/uploads\/2022\/12\/logoLaResidencia.png\",\"contentUrl\":\"https:\/\/www.estrategias-web.es\/wp-content\/uploads\/2022\/12\/logoLaResidencia.png\",\"width\":113,\"height\":75,\"caption\":\"La Residencia Tarifa\"},\"image\":{\"@id\":\"https:\/\/www.estrategias-web.es\/de\/#\/schema\/logo\/image\/\"}}]}<\/script>\n<!-- \/ Yoast SEO plugin. -->","yoast_head_json":{"title":"Trabaja con nosotros - La Residencia Tarifa","robots":{"index":"noindex","follow":"follow","max-snippet":"max-snippet:-1","max-image-preview":"max-image-preview:large","max-video-preview":"max-video-preview:-1"},"og_locale":"de_DE","og_type":"article","og_title":"Trabaja con nosotros - La Residencia Tarifa","og_description":"Arbeiten Sie mit uns Suchen Sie eine neue Chance? Ein 4-Sterne-Hotel mit Spa und Restaurant ist ein fantastischer Ort f\u00fcr Ihre n\u00e4chsten Schritte. Werden Sie Teil der La-Residencia-Familie und nutzen Sie die Gelegenheit, sich weiterzubilden und Ihre Karriere zu entwickeln. Wenn Sie neu sind, bieten wir Ihnen auch einige fantastische M\u00f6glichkeiten, Ihre Karriere zu starten [&hellip;]","og_url":"https:\/\/www.estrategias-web.es\/de\/trabaja-con-nosotros\/","og_site_name":"La Residencia Tarifa","article_modified_time":"2022-12-30T18:25:12+00:00","og_image":[{"url":"https:\/\/www.estrategias-web.es\/wp-content\/uploads\/2022\/12\/trabajaconnosotrostop.jpg"}],"twitter_card":"summary_large_image","twitter_misc":{"Gesch\u00e4tzte Lesezeit":"4\u00a0Minuten"},"schema":{"@context":"https:\/\/schema.org","@graph":[{"@type":"WebPage","@id":"https:\/\/www.estrategias-web.es\/de\/trabaja-con-nosotros\/","url":"https:\/\/www.estrategias-web.es\/de\/trabaja-con-nosotros\/","name":"Trabaja con nosotros - La Residencia Tarifa","isPartOf":{"@id":"https:\/\/www.estrategias-web.es\/de\/#website"},"datePublished":"2022-12-17T21:10:51+00:00","dateModified":"2022-12-30T18:25:12+00:00","breadcrumb":{"@id":"https:\/\/www.estrategias-web.es\/de\/trabaja-con-nosotros\/#breadcrumb"},"inLanguage":"de","potentialAction":[{"@type":"ReadAction","target":["https:\/\/www.estrategias-web.es\/de\/trabaja-con-nosotros\/"]}]},{"@type":"BreadcrumbList","@id":"https:\/\/www.estrategias-web.es\/de\/trabaja-con-nosotros\/#breadcrumb","itemListElement":[{"@type":"ListItem","position":1,"name":"Portada","item":"https:\/\/www.estrategias-web.es\/de\/"},{"@type":"ListItem","position":2,"name":"Trabaja con nosotros"}]},{"@type":"WebSite","@id":"https:\/\/www.estrategias-web.es\/de\/#website","url":"https:\/\/www.estrategias-web.es\/de\/","name":"La Residencia Tarifa","description":"Hotel, apartamentos, spa y restaurante","publisher":{"@id":"https:\/\/www.estrategias-web.es\/de\/#organization"},"potentialAction":[{"@type":"SearchAction","target":{"@type":"EntryPoint","urlTemplate":"https:\/\/www.estrategias-web.es\/de\/?s={search_term_string}"},"query-input":"required name=search_term_string"}],"inLanguage":"de"},{"@type":"Organization","@id":"https:\/\/www.estrategias-web.es\/de\/#organization","name":"La Residencia Tarifa","url":"https:\/\/www.estrategias-web.es\/de\/","logo":{"@type":"ImageObject","inLanguage":"de","@id":"https:\/\/www.estrategias-web.es\/de\/#\/schema\/logo\/image\/","url":"https:\/\/www.estrategias-web.es\/wp-content\/uploads\/2022\/12\/logoLaResidencia.png","contentUrl":"https:\/\/www.estrategias-web.es\/wp-content\/uploads\/2022\/12\/logoLaResidencia.png","width":113,"height":75,"caption":"La Residencia Tarifa"},"image":{"@id":"https:\/\/www.estrategias-web.es\/de\/#\/schema\/logo\/image\/"}}]}},"acf":[],"_links":{"self":[{"href":"https:\/\/www.estrategias-web.es\/de\/wp-json\/wp\/v2\/pages\/4815","targetHints":{"allow":["GET"]}}],"collection":[{"href":"https:\/\/www.estrategias-web.es\/de\/wp-json\/wp\/v2\/pages"}],"about":[{"href":"https:\/\/www.estrategias-web.es\/de\/wp-json\/wp\/v2\/types\/page"}],"author":[{"embeddable":true,"href":"https:\/\/www.estrategias-web.es\/de\/wp-json\/wp\/v2\/users\/1"}],"replies":[{"embeddable":true,"href":"https:\/\/www.estrategias-web.es\/de\/wp-json\/wp\/v2\/comments?post=4815"}],"version-history":[{"count":3,"href":"https:\/\/www.estrategias-web.es\/de\/wp-json\/wp\/v2\/pages\/4815\/revisions"}],"predecessor-version":[{"id":4818,"href":"https:\/\/www.estrategias-web.es\/de\/wp-json\/wp\/v2\/pages\/4815\/revisions\/4818"}],"wp:attachment":[{"href":"https:\/\/www.estrategias-web.es\/de\/wp-json\/wp\/v2\/media?parent=4815"}],"curies":[{"name":"wp","href":"https:\/\/api.w.org\/{rel}","templated":true}]}}